{"id":2,"date":"2020-03-26T19:02:15","date_gmt":"2020-03-26T18:02:15","guid":{"rendered":"http:\/\/osteopathe-saint-malo.fr\/?page_id=2"},"modified":"2024-01-01T19:21:36","modified_gmt":"2024-01-01T18:21:36","slug":"osteopathe-saint-malo","status":"publish","type":"page","link":"https:\/\/osteopathe-saint-malo.fr\/","title":{"rendered":"Ost\u00e9opathe Saint Malo"},"content":{"rendered":"<div class=\"wp-block-image\">\n<figure class=\"alignleft size-large is-resized\"><img decoding=\"async\" src=\"https:\/\/osteopathe-saint-malo.fr\/wp-content\/uploads\/2020\/04\/93397927_637696523739819_1597919209264775168_n-1024x768.png\" alt=\"\" class=\"wp-image-612\" width=\"585\" srcset=\"https:\/\/osteopathe-saint-malo.fr\/wp-content\/uploads\/2020\/04\/93397927_637696523739819_1597919209264775168_n-1024x768.png 1024w, https:\/\/osteopathe-saint-malo.fr\/wp-content\/uploads\/2020\/04\/93397927_637696523739819_1597919209264775168_n-300x225.png 300w, https:\/\/osteopathe-saint-malo.fr\/wp-content\/uploads\/2020\/04\/93397927_637696523739819_1597919209264775168_n-768x576.png 768w, https:\/\/osteopathe-saint-malo.fr\/wp-content\/uploads\/2020\/04\/93397927_637696523739819_1597919209264775168_n-1536x1152.png 1536w, https:\/\/osteopathe-saint-malo.fr\/wp-content\/uploads\/2020\/04\/93397927_637696523739819_1597919209264775168_n.png 2048w\" sizes=\"(max-width: 1024px) 100vw, 1024px\" \/><\/figure><\/div>\n\n\n<h3 class=\"titre3\" id=\"titren1h3\">Prendre rendez-vous :<\/h3>\n\n\n\n<p class=\"text2\"><strong>Ost\u00e9opathe \u00e0 Saint Malo<\/strong>, le cabinet se situe au sein des <strong>Cabinets de Sant\u00e9 de Moka<\/strong> dans un quartier dynamique \u00e0 deux pas de la gare. Le secteur est richement desservi par les transports en commun et dispose de multiples stationnements gratuits \u00e0 proximit\u00e9.<\/p>\n\n\n\n<p class=\"text2\"><br>Adresse&nbsp;: <strong>46 avenue de Moka<\/strong> (35400 Saint Malo) <\/p>\n\n\n\n<p class=\"text2\"> <br>S\u00e9ances <strong>sur rendez-vous uniquement<\/strong>, le secr\u00e9tariat est ouvert du lundi au vendredi de 9h a 19h et le samedi matin de 9h a 13h ou 24h\/24 directement via <a href=\"https:\/\/www.doctolib.fr\/osteopathe\/saint-malo\/maxime-bascol\">Doctolib.fr<\/a><\/p>\n\n\n\n<p class=\"text3\"><br>Num\u00e9ro du secr\u00e9tariat&nbsp;: <strong><a href=\"tel:+33644289425\">06 44 28 94 25<\/a><\/strong><\/p>\n\n\n\n<div class=\"wp-block-image\"><figure class=\"alignright is-resized\"><img decoding=\"async\" loading=\"lazy\" src=\"https:\/\/osteopathe-saint-malo.fr\/wp-content\/uploads\/2020\/04\/life-1024x682.jpg\" alt=\"\" class=\"wp-image-79\" width=\"586\" height=\"380\"\/><\/figure><\/div>\n\n\n\n<h3 class=\"titre4\" id=\"titren2h3\"><a href=\"http:\/\/osteopathe-saint-malo.fr\/?page_id=40\">L&#8217;ost\u00e9opathie<\/a>, une m\u00e9decine manuelle pour tous.<\/h3>\n\n\n\n<p style=\"text-align:justify\" class=\"text2\"><strong>Quelque soit votre \u00e2ge et votre condition<\/strong> (nourrisson, sportif, femme enceinte, personne \u00e2g\u00e9e &#8230;), votre ost\u00e9opathe sera \u00e0 m\u00eame de vous accompagner dans la prise en charge de vos maux.<br><br>\nEn effet, l\u2019ost\u00e9opathie pourra vous accompagner de mani\u00e8re <strong>pr\u00e9ventive<\/strong> lors d\u2019un bilan de contr\u00f4le, mais aussi de mani\u00e8re <strong>curative<\/strong> si la douleur s\u2019est install\u00e9e, qu\u2019elle soit aigu\u00eb ou chronique.<\/p>\n\n\n\n<div class=\"is-layout-constrained wp-block-group\"><div class=\"wp-block-group__inner-container\"><div class=\"wp-block-image\">\n<figure class=\"alignleft size-large is-resized\"><img decoding=\"async\" loading=\"lazy\" src=\"https:\/\/osteopathe-saint-malo.fr\/wp-content\/uploads\/2023\/03\/image0-02-4-635x1024.jpg\" alt=\"\" class=\"wp-image-830\" width=\"585\" height=\"950\"\/><\/figure><\/div>\n\n\n<br><h3 class=\"titre4\">Qui suis-je&nbsp;?<\/h3>\n<\/div><\/div>\n\n\n\n<p class=\"text2\"><strong>Ost\u00e9opathe \u00e0 Saint Malo<\/strong> depuis 2019, je suis dipl\u00f4m\u00e9 de l\u2019Institut d\u2019Ost\u00e9opathie de Rennes (IO-Rennes), \u00e9cole agr\u00e9\u00e9e par le minist\u00e8re de la sant\u00e9, RNCP Niveau 1.<\/p>\n\n\n\n<p class=\"text2\"><br>Utilisant un large panel de techniques pour r\u00e9pondre au mieux aux besoins de chacun, mon approche s\u2019adresse aussi bien aux sportifs qu\u2019aux seniors, sans oublier les tous petits&#8230;<\/p>\n\n\n\n<div style=\"height:80px\" aria-hidden=\"true\" class=\"wp-block-spacer\"><\/div>\n\n\n<div class=\"wp-block-image\">\n<figure class=\"alignleft\"><img decoding=\"async\" loading=\"lazy\" width=\"207\" height=\"192\" src=\"https:\/\/osteopathe-saint-malo.fr\/wp-content\/uploads\/2020\/04\/Honoraire.png\" alt=\"\" class=\"wp-image-164\"\/><\/figure><\/div>\n\n\n<p class=\"has-text-align-left\"> <\/p>\n\n\n\n<p id=\"tarif\"> Consultation d&#8217;ost\u00e9opathie : 58\u20ac <\/p>\n\n\n\n<div style=\"height:100px\" aria-hidden=\"true\" class=\"wp-block-spacer\"><\/div>\n\n\n\n<figure><iframe loading=\"lazy\" src=\"https:\/\/www.google.com\/maps\/embed?pb=!1m18!1m12!1m3!1d2635.951413233144!2d-2.005862983952987!3d48.64904467926749!2m3!1f0!2f0!3f0!3m2!1i1024!2i768!4f13.1!3m3!1m2!1s0x480e8165755d260b%3A0x8ebbe5d19f014b91!2s46%20Avenue%20de%20Moka%2C%2035400%20Saint-Malo!5e0!3m2!1sfr!2sfr!4v1586790526720!5m2!1sfr!2sfr\" allowfullscreen=\"\" width=\"100%\" height=\"550px\"><\/iframe><\/figure>\n","protected":false},"excerpt":{"rendered":"<p>Prendre rendez-vous : Ost\u00e9opathe \u00e0 Saint Malo, le cabinet se situe au sein des Cabinets de Sant\u00e9 de Moka dans un quartier dynamique \u00e0 deux pas de la gare. Le secteur est richement desservi par les transports en commun et dispose de multiples stationnements gratuits \u00e0 proximit\u00e9. Adresse&nbsp;: 46 avenue<a class=\"moretag\" href=\"https:\/\/osteopathe-saint-malo.fr\/\"> Read more<\/a><\/p>\n","protected":false},"author":1,"featured_media":0,"parent":0,"menu_order":0,"comment_status":"closed","ping_status":"closed","template":"","meta":[],"_links":{"self":[{"href":"https:\/\/osteopathe-saint-malo.fr\/index.php?rest_route=\/wp\/v2\/pages\/2"}],"collection":[{"href":"https:\/\/osteopathe-saint-malo.fr\/index.php?rest_route=\/wp\/v2\/pages"}],"about":[{"href":"https:\/\/osteopathe-saint-malo.fr\/index.php?rest_route=\/wp\/v2\/types\/page"}],"author":[{"embeddable":true,"href":"https:\/\/osteopathe-saint-malo.fr\/index.php?rest_route=\/wp\/v2\/users\/1"}],"replies":[{"embeddable":true,"href":"https:\/\/osteopathe-saint-malo.fr\/index.php?rest_route=%2Fwp%2Fv2%2Fcomments&post=2"}],"version-history":[{"count":247,"href":"https:\/\/osteopathe-saint-malo.fr\/index.php?rest_route=\/wp\/v2\/pages\/2\/revisions"}],"predecessor-version":[{"id":837,"href":"https:\/\/osteopathe-saint-malo.fr\/index.php?rest_route=\/wp\/v2\/pages\/2\/revisions\/837"}],"wp:attachment":[{"href":"https:\/\/osteopathe-saint-malo.fr\/index.php?rest_route=%2Fwp%2Fv2%2Fmedia&parent=2"}],"curies":[{"name":"wp","href":"https:\/\/api.w.org\/{rel}","templated":true}]}}