{"id":40,"date":"2020-04-13T14:29:27","date_gmt":"2020-04-13T12:29:27","guid":{"rendered":"http:\/\/osteopathe-saint-malo.fr\/?page_id=40"},"modified":"2020-04-20T18:10:25","modified_gmt":"2020-04-20T16:10:25","slug":"losteopathie","status":"publish","type":"page","link":"https:\/\/osteopathe-saint-malo.fr\/?page_id=40","title":{"rendered":"L&#8217;Ost\u00e9opathie"},"content":{"rendered":"\n<h3 class=\"has-text-align-center\">L&#8217;Ost\u00e9opathie<\/h3>\n\n\n\n<div style=\"height:20px\" aria-hidden=\"true\" class=\"wp-block-spacer\"><\/div>\n\n\n\n<p>L\u2019ost\u00e9opathie est une m\u00e9decine douce exclusivement manuelle fond\u00e9e au 19\u00e8me si\u00e8cle et qui s\u2019appuie sur des connaissances pouss\u00e9es de l\u2019anatomie et de la physiologie humaine.<\/p>\n\n\n\n<div style=\"height:20px\" aria-hidden=\"true\" class=\"wp-block-spacer\"><\/div>\n\n\n\n<div class=\"wp-block-image\"><figure class=\"aligncenter is-resized\"><img decoding=\"async\" loading=\"lazy\" src=\"http:\/\/osteopathe-saint-malo.fr\/wp-content\/uploads\/2020\/04\/Andrew-Taylor-Still-768x1024.jpg\" alt=\"\" class=\"wp-image-458\" width=\"199\" height=\"266\" srcset=\"https:\/\/osteopathe-saint-malo.fr\/wp-content\/uploads\/2020\/04\/Andrew-Taylor-Still-768x1024.jpg 768w, https:\/\/osteopathe-saint-malo.fr\/wp-content\/uploads\/2020\/04\/Andrew-Taylor-Still-225x300.jpg 225w, https:\/\/osteopathe-saint-malo.fr\/wp-content\/uploads\/2020\/04\/Andrew-Taylor-Still.jpg 1200w\" sizes=\"(max-width: 199px) 100vw, 199px\" \/><figcaption>Andrew Taylor Still (1828-1917)<br>(fondateur de l\u2019Ost\u00e9opathie) <\/figcaption><\/figure><\/div>\n\n\n\n<p>Elle\nest indiqu\u00e9e pour l\u2019accompagnement d\u2019un grand nombre de maux\npouvant alt\u00e9rer la qualit\u00e9 de vie au quotidien gr\u00e2ce \u00e0 une vision\nglobale du patient, du nourrisson aux seniors.<\/p>\n\n\n\n<p>Ainsi, votre ost\u00e9opathe pourra agir sur vos diff\u00e9rentes g\u00eanes, raideurs, tensions musculaires, douleurs aigu\u00ebs comme chroniques, mais aussi sur d\u2019autres probl\u00e9matiques comme les troubles digestifs, troubles du sommeil ou encore le stress par exemple&#8230;<\/p>\n\n\n\n<hr class=\"wp-block-separator\"\/>\n\n\n\n<div style=\"height:20px\" aria-hidden=\"true\" class=\"wp-block-spacer\"><\/div>\n\n\n\n<p><p id=\"champsactions\"><strong class=\"strongblue\">Champs\nd\u2019actions de l\u2019Ost\u00e9opathie&nbsp;:<\/strong><\/p><\/p>\n\n\n\n<div style=\"height:20px\" aria-hidden=\"true\" class=\"wp-block-spacer\"><\/div>\n\n\n\n<p>\n<strong class=\"strongblue\">&#8211;\nTroubles musculo-squelettiques (TMS)&nbsp;:<\/strong> cervicalgies,\ndorsalgies, lombalgies, sciatalgies, tendinites etc.<\/p>\n\n\n\n<p>\n<strong class=\"strongblue\">&#8211;\nTroubles visc\u00e9raux&nbsp;:<\/strong> ballonnements, constipations,\ndiarrh\u00e9es, reflux gastriques, troubles urinaires, troubles\nrespiratoires, douleurs gyn\u00e9cologiques et infertilit\u00e9 etc.<\/p>\n\n\n\n<p>\n<strong class=\"strongblue\">&#8211;\nTroubles c\u00e9phaliques&nbsp;:<\/strong> migraines, vertiges, acouph\u00e8nes,\ntroubles ORL (otites, sinusites\u2026), probl\u00e8me de mastication,\nd\u00e9glutition etc.<\/p>\n\n\n\n<p> <strong class=\"strongblue\">&#8211; Autres&nbsp;:<\/strong> stress, troubles du sommeil, difficult\u00e9s \u00e0 se concentrer, d\u00e9pression, fatigue etc.<\/p>\n\n\n\n<div style=\"height:100px\" aria-hidden=\"true\" class=\"wp-block-spacer\"><\/div>\n","protected":false},"excerpt":{"rendered":"<p>L&#8217;Ost\u00e9opathie L\u2019ost\u00e9opathie est une m\u00e9decine douce exclusivement manuelle fond\u00e9e au 19\u00e8me si\u00e8cle et qui s\u2019appuie sur des connaissances pouss\u00e9es de l\u2019anatomie et de la physiologie humaine. Elle est indiqu\u00e9e pour l\u2019accompagnement d\u2019un grand nombre de maux pouvant alt\u00e9rer la qualit\u00e9 de vie au quotidien gr\u00e2ce \u00e0 une vision globale du<a class=\"moretag\" href=\"https:\/\/osteopathe-saint-malo.fr\/?page_id=40\"> Read more<\/a><\/p>\n","protected":false},"author":1,"featured_media":0,"parent":0,"menu_order":0,"comment_status":"closed","ping_status":"closed","template":"","meta":[],"_links":{"self":[{"href":"https:\/\/osteopathe-saint-malo.fr\/index.php?rest_route=\/wp\/v2\/pages\/40"}],"collection":[{"href":"https:\/\/osteopathe-saint-malo.fr\/index.php?rest_route=\/wp\/v2\/pages"}],"about":[{"href":"https:\/\/osteopathe-saint-malo.fr\/index.php?rest_route=\/wp\/v2\/types\/page"}],"author":[{"embeddable":true,"href":"https:\/\/osteopathe-saint-malo.fr\/index.php?rest_route=\/wp\/v2\/users\/1"}],"replies":[{"embeddable":true,"href":"https:\/\/osteopathe-saint-malo.fr\/index.php?rest_route=%2Fwp%2Fv2%2Fcomments&post=40"}],"version-history":[{"count":19,"href":"https:\/\/osteopathe-saint-malo.fr\/index.php?rest_route=\/wp\/v2\/pages\/40\/revisions"}],"predecessor-version":[{"id":828,"href":"https:\/\/osteopathe-saint-malo.fr\/index.php?rest_route=\/wp\/v2\/pages\/40\/revisions\/828"}],"wp:attachment":[{"href":"https:\/\/osteopathe-saint-malo.fr\/index.php?rest_route=%2Fwp%2Fv2%2Fmedia&parent=40"}],"curies":[{"name":"wp","href":"https:\/\/api.w.org\/{rel}","templated":true}]}}