{"id":42,"date":"2020-04-13T14:29:42","date_gmt":"2020-04-13T12:29:42","guid":{"rendered":"http:\/\/osteopathe-saint-malo.fr\/?page_id=42"},"modified":"2020-04-15T20:27:25","modified_gmt":"2020-04-15T18:27:25","slug":"deroule-dune-seance","status":"publish","type":"page","link":"https:\/\/osteopathe-saint-malo.fr\/?page_id=42","title":{"rendered":"D\u00e9roul\u00e9 d&#8217;une s\u00e9ance"},"content":{"rendered":"\n<div style=\"height:20px\" aria-hidden=\"true\" class=\"wp-block-spacer\"><\/div>\n\n\n\n<h2>Consultation\nde 45 minutes&nbsp;:<\/h2>\n\n\n\n<div style=\"height:20px\" aria-hidden=\"true\" class=\"wp-block-spacer\"><\/div>\n\n\n\n<p>\n<strong>&#8211;\nPhase d\u2019anamn\u00e8se&nbsp;:<\/strong> recueil du motif de consultation ainsi\nque les diff\u00e9rents ant\u00e9c\u00e9dents du patient<\/p>\n\n\n\n<p>\n<strong>&#8211;\nObservation et phase de test&nbsp;: <\/strong>votre ost\u00e9opathe r\u00e9alise\ndiff\u00e9rents tests ost\u00e9opathiques de mani\u00e8re \u00e0 d\u00e9finir l\u2019origine\ndes diff\u00e9rentes tensions pouvant vous amener \u00e0 le consulter.<\/p>\n\n\n\n<p>\nDans\ncertains cas, votre ost\u00e9opathe pourra au pr\u00e9alable effectuer un\ncertain nombre de tests m\u00e9dicaux de mani\u00e8re \u00e0 d\u00e9finir si oui ou\nnon, il peut vous prendre en charge en toute s\u00e9curit\u00e9.<\/p>\n\n\n\n<p><strong>&#8211;\nDiagnostic et projet th\u00e9rapeutique<\/strong><\/p>\n\n\n\n<p><strong>&#8211;\nTraitement&nbsp;: <\/strong>prise en\ncharge par le biais d\u2019un nombre vari\u00e9 de techniques (articulaires,\nmyotensives,  tissulaires, visc\u00e9rales, cr\u00e2niennes&#8230;)<\/p>\n\n\n\n<p><strong>&#8211;\nConseils<\/strong><\/p>\n\n\n\n<div style=\"height:76px\" aria-hidden=\"true\" class=\"wp-block-spacer\"><\/div>\n\n\n\n<p>\n<em>NB&nbsp;:\nparfois, votre ost\u00e9opathe pourra \u00eatre amen\u00e9 \u00e0 vous revoir pour un\nsecond rendez-vous.<\/em><\/p>\n\n\n\n<div style=\"height:90px\" aria-hidden=\"true\" class=\"wp-block-spacer\"><\/div>\n","protected":false},"excerpt":{"rendered":"<p>Consultation de 45 minutes&nbsp;: &#8211; Phase d\u2019anamn\u00e8se&nbsp;: recueil du motif de consultation ainsi que les diff\u00e9rents ant\u00e9c\u00e9dents du patient &#8211; Observation et phase de test&nbsp;: votre ost\u00e9opathe r\u00e9alise diff\u00e9rents tests ost\u00e9opathiques de mani\u00e8re \u00e0 d\u00e9finir l\u2019origine des diff\u00e9rentes tensions pouvant vous amener \u00e0 le consulter. Dans certains cas, votre ost\u00e9opathe<a class=\"moretag\" href=\"https:\/\/osteopathe-saint-malo.fr\/?page_id=42\"> Read more<\/a><\/p>\n","protected":false},"author":1,"featured_media":0,"parent":0,"menu_order":0,"comment_status":"closed","ping_status":"closed","template":"","meta":[],"_links":{"self":[{"href":"https:\/\/osteopathe-saint-malo.fr\/index.php?rest_route=\/wp\/v2\/pages\/42"}],"collection":[{"href":"https:\/\/osteopathe-saint-malo.fr\/index.php?rest_route=\/wp\/v2\/pages"}],"about":[{"href":"https:\/\/osteopathe-saint-malo.fr\/index.php?rest_route=\/wp\/v2\/types\/page"}],"author":[{"embeddable":true,"href":"https:\/\/osteopathe-saint-malo.fr\/index.php?rest_route=\/wp\/v2\/users\/1"}],"replies":[{"embeddable":true,"href":"https:\/\/osteopathe-saint-malo.fr\/index.php?rest_route=%2Fwp%2Fv2%2Fcomments&post=42"}],"version-history":[{"count":8,"href":"https:\/\/osteopathe-saint-malo.fr\/index.php?rest_route=\/wp\/v2\/pages\/42\/revisions"}],"predecessor-version":[{"id":478,"href":"https:\/\/osteopathe-saint-malo.fr\/index.php?rest_route=\/wp\/v2\/pages\/42\/revisions\/478"}],"wp:attachment":[{"href":"https:\/\/osteopathe-saint-malo.fr\/index.php?rest_route=%2Fwp%2Fv2%2Fmedia&parent=42"}],"curies":[{"name":"wp","href":"https:\/\/api.w.org\/{rel}","templated":true}]}}