{"id":44,"date":"2020-04-13T14:29:58","date_gmt":"2020-04-13T12:29:58","guid":{"rendered":"http:\/\/osteopathe-saint-malo.fr\/?page_id=44"},"modified":"2023-03-09T22:54:53","modified_gmt":"2023-03-09T21:54:53","slug":"votre-osteopathe","status":"publish","type":"page","link":"https:\/\/osteopathe-saint-malo.fr\/?page_id=44","title":{"rendered":"Votre Ost\u00e9opathe"},"content":{"rendered":"\n<h2 class=\"has-text-align-center\">Votre Ost\u00e9opathe<\/h2>\n\n\n\n<div style=\"height:25px\" aria-hidden=\"true\" class=\"wp-block-spacer\"><\/div>\n\n\n\n<p>Dipl\u00f4m\u00e9 de l\u2019\u00e9cole d\u2019Ost\u00e9opathie de Rennes (IO-Rennes) en 2019, je rentre par la suite \u00e0 <strong>Saint Malo<\/strong> o\u00f9 j\u2019ouvre mon cabinet en octobre de cette m\u00eame ann\u00e9e.<\/p>\n\n\n\n<div style=\"height:20px\" aria-hidden=\"true\" class=\"wp-block-spacer\"><\/div>\n\n\n\n<p>Les nombreuses prises en charges effectu\u00e9es durant mes \u00e9tudes ainsi que leurs diversifications, me permettent aujourd\u2019hui de prendre en charge les sportifs de haut niveau, les enfants ainsi que les femmes enceintes par exemple.<\/p>\n\n\n\n<div style=\"height:50px\" aria-hidden=\"true\" class=\"wp-block-spacer\"><\/div>\n\n\n<div class=\"wp-block-image\">\n<figure class=\"alignright size-medium\"><img decoding=\"async\" loading=\"lazy\" width=\"186\" height=\"300\" src=\"https:\/\/osteopathe-saint-malo.fr\/wp-content\/uploads\/2023\/03\/image0-02-2-186x300.jpg\" alt=\"\" class=\"wp-image-826\" srcset=\"https:\/\/osteopathe-saint-malo.fr\/wp-content\/uploads\/2023\/03\/image0-02-2-186x300.jpg 186w, https:\/\/osteopathe-saint-malo.fr\/wp-content\/uploads\/2023\/03\/image0-02-2-635x1024.jpg 635w, https:\/\/osteopathe-saint-malo.fr\/wp-content\/uploads\/2023\/03\/image0-02-2-768x1238.jpg 768w, https:\/\/osteopathe-saint-malo.fr\/wp-content\/uploads\/2023\/03\/image0-02-2-953x1536.jpg 953w, https:\/\/osteopathe-saint-malo.fr\/wp-content\/uploads\/2023\/03\/image0-02-2-1270x2048.jpg 1270w, https:\/\/osteopathe-saint-malo.fr\/wp-content\/uploads\/2023\/03\/image0-02-2-scaled.jpg 1588w\" sizes=\"(max-width: 186px) 100vw, 186px\" \/><\/figure><\/div>\n\n\n<p>\n<strong>Dipl\u00f4me&nbsp;:<\/strong><\/p>\n\n\n\n<p> &#8211; Dipl\u00f4me d\u2019Ost\u00e9opathie \u00e0 l\u2019IO-Rennes (2019)\u00a0: dipl\u00f4me niveau Master 2 (en 5 ans)<\/p>\n\n\n\n<p>&#8211; Formation &#8220;M\u00e9canique de la douleur (neurosciences)&#8221; (2020) : CFPCO<\/p>\n\n\n\n<p>\n<strong>Autres&nbsp;:<\/strong><\/p>\n\n\n\n<p>\n&#8211;\nPartenariat avec le club de Volley Ball de Saint Malo (2020)<\/p>\n\n\n\n<div style=\"height:150px\" aria-hidden=\"true\" class=\"wp-block-spacer\"><\/div>\n","protected":false},"excerpt":{"rendered":"<p>Votre Ost\u00e9opathe Dipl\u00f4m\u00e9 de l\u2019\u00e9cole d\u2019Ost\u00e9opathie de Rennes (IO-Rennes) en 2019, je rentre par la suite \u00e0 Saint Malo o\u00f9 j\u2019ouvre mon cabinet en octobre de cette m\u00eame ann\u00e9e. Les nombreuses prises en charges effectu\u00e9es durant mes \u00e9tudes ainsi que leurs diversifications, me permettent aujourd\u2019hui de prendre en charge les<a class=\"moretag\" href=\"https:\/\/osteopathe-saint-malo.fr\/?page_id=44\"> Read more<\/a><\/p>\n","protected":false},"author":1,"featured_media":0,"parent":0,"menu_order":0,"comment_status":"closed","ping_status":"closed","template":"","meta":[],"_links":{"self":[{"href":"https:\/\/osteopathe-saint-malo.fr\/index.php?rest_route=\/wp\/v2\/pages\/44"}],"collection":[{"href":"https:\/\/osteopathe-saint-malo.fr\/index.php?rest_route=\/wp\/v2\/pages"}],"about":[{"href":"https:\/\/osteopathe-saint-malo.fr\/index.php?rest_route=\/wp\/v2\/types\/page"}],"author":[{"embeddable":true,"href":"https:\/\/osteopathe-saint-malo.fr\/index.php?rest_route=\/wp\/v2\/users\/1"}],"replies":[{"embeddable":true,"href":"https:\/\/osteopathe-saint-malo.fr\/index.php?rest_route=%2Fwp%2Fv2%2Fcomments&post=44"}],"version-history":[{"count":17,"href":"https:\/\/osteopathe-saint-malo.fr\/index.php?rest_route=\/wp\/v2\/pages\/44\/revisions"}],"predecessor-version":[{"id":827,"href":"https:\/\/osteopathe-saint-malo.fr\/index.php?rest_route=\/wp\/v2\/pages\/44\/revisions\/827"}],"wp:attachment":[{"href":"https:\/\/osteopathe-saint-malo.fr\/index.php?rest_route=%2Fwp%2Fv2%2Fmedia&parent=44"}],"curies":[{"name":"wp","href":"https:\/\/api.w.org\/{rel}","templated":true}]}}