{"id":46,"date":"2020-04-13T14:30:09","date_gmt":"2020-04-13T12:30:09","guid":{"rendered":"http:\/\/osteopathe-saint-malo.fr\/?page_id=46"},"modified":"2024-01-01T19:19:39","modified_gmt":"2024-01-01T18:19:39","slug":"questions-pratiques","status":"publish","type":"page","link":"https:\/\/osteopathe-saint-malo.fr\/?page_id=46","title":{"rendered":"Questions pratiques"},"content":{"rendered":"\n<h3> Contact :<\/h3>\n\n\n\n<p class=\"has-text-align-center\">\nMaxime\nBASCOL Ost\u00e9opathe D.O.<\/p>\n\n\n\n<p class=\"has-text-align-center\">Sur rendez-vous au <strong>06 44 28 94 25 <\/strong>ou via <strong><a href=\"https:\/\/www.doctolib.fr\/osteopathe\/saint-malo\/maxime-bascol\">Doctolib.fr<\/a><\/strong><\/p>\n\n\n\n<div style=\"height:45px\" aria-hidden=\"true\" class=\"wp-block-spacer\"><\/div>\n\n\n\n<p class=\"has-text-align-center\">\n<strong>Horaires\nd\u2019ouverture du secr\u00e9tariat&nbsp;:<\/strong><\/p>\n\n\n\n<p class=\"has-text-align-center\">\nDu\nlundi au vendredi de 9h \u00e0 19h \n<\/p>\n\n\n\n<p class=\"has-text-align-center\">\nLe\nsamedi de 9h \u00e0 13h ou 24H\/24 sur Doctolib<\/p>\n\n\n\n<div style=\"height:45px\" aria-hidden=\"true\" class=\"wp-block-spacer\"><\/div>\n\n\n\n<p class=\"has-text-align-center\">\n<strong>Adresse&nbsp;:\n<\/strong>\n<\/p>\n\n\n\n<p class=\"has-text-align-center\">\nLes\nCabinets de Sant\u00e9 de Moka<\/p>\n\n\n\n<p class=\"has-text-align-center\">\n46\navenue de Moka<\/p>\n\n\n\n<p class=\"has-text-align-center\">\n35400\nSaint Malo<\/p>\n\n\n\n<div style=\"height:45px\" aria-hidden=\"true\" class=\"wp-block-spacer\"><\/div>\n\n\n\n<p class=\"has-text-align-center\">\n<strong>Honoraires&nbsp;:<\/strong><\/p>\n\n\n\n<p class=\"has-text-align-center\">58\u20ac    <\/p>\n\n\n\n<p class=\"has-text-align-center has-small-font-size\"><em>(possible prise en charge par votre mutuelle)<\/em><\/p>\n\n\n\n<p class=\"has-text-align-center\"> <\/p>\n\n\n\n<div style=\"height:45px\" aria-hidden=\"true\" class=\"wp-block-spacer\"><\/div>\n\n\n\n<figure><iframe loading=\"lazy\" src=\"https:\/\/www.google.com\/maps\/embed?pb=!1m18!1m12!1m3!1d2635.951413233144!2d-2.005862983952987!3d48.64904467926749!2m3!1f0!2f0!3f0!3m2!1i1024!2i768!4f13.1!3m3!1m2!1s0x480e8165755d260b%3A0x8ebbe5d19f014b91!2s46%20Avenue%20de%20Moka%2C%2035400%20Saint-Malo!5e0!3m2!1sfr!2sfr!4v1586790526720!5m2!1sfr!2sfr\" allowfullscreen=\"\" width=\"100%\" height=\"550px\"><\/iframe><\/figure>\n","protected":false},"excerpt":{"rendered":"<p>Contact : Maxime BASCOL Ost\u00e9opathe D.O. Sur rendez-vous au 06 44 28 94 25 ou via Doctolib.fr Horaires d\u2019ouverture du secr\u00e9tariat&nbsp;: Du lundi au vendredi de 9h \u00e0 19h Le samedi de 9h \u00e0 13h ou 24H\/24 sur Doctolib Adresse&nbsp;: Les Cabinets de Sant\u00e9 de Moka 46 avenue de Moka<a class=\"moretag\" href=\"https:\/\/osteopathe-saint-malo.fr\/?page_id=46\"> Read more<\/a><\/p>\n","protected":false},"author":1,"featured_media":0,"parent":0,"menu_order":0,"comment_status":"closed","ping_status":"closed","template":"","meta":[],"_links":{"self":[{"href":"https:\/\/osteopathe-saint-malo.fr\/index.php?rest_route=\/wp\/v2\/pages\/46"}],"collection":[{"href":"https:\/\/osteopathe-saint-malo.fr\/index.php?rest_route=\/wp\/v2\/pages"}],"about":[{"href":"https:\/\/osteopathe-saint-malo.fr\/index.php?rest_route=\/wp\/v2\/types\/page"}],"author":[{"embeddable":true,"href":"https:\/\/osteopathe-saint-malo.fr\/index.php?rest_route=\/wp\/v2\/users\/1"}],"replies":[{"embeddable":true,"href":"https:\/\/osteopathe-saint-malo.fr\/index.php?rest_route=%2Fwp%2Fv2%2Fcomments&post=46"}],"version-history":[{"count":12,"href":"https:\/\/osteopathe-saint-malo.fr\/index.php?rest_route=\/wp\/v2\/pages\/46\/revisions"}],"predecessor-version":[{"id":836,"href":"https:\/\/osteopathe-saint-malo.fr\/index.php?rest_route=\/wp\/v2\/pages\/46\/revisions\/836"}],"wp:attachment":[{"href":"https:\/\/osteopathe-saint-malo.fr\/index.php?rest_route=%2Fwp%2Fv2%2Fmedia&parent=46"}],"curies":[{"name":"wp","href":"https:\/\/api.w.org\/{rel}","templated":true}]}}